{"id":7766,"date":"2024-02-01T16:53:46","date_gmt":"2024-02-01T15:53:46","guid":{"rendered":"https:\/\/www.camping-lannhoedic.fr\/services\/bike-rental\/"},"modified":"2024-04-15T12:34:23","modified_gmt":"2024-04-15T10:34:23","slug":"bike-rental","status":"publish","type":"page","link":"https:\/\/www.camping-lannhoedic.fr\/en\/services\/bike-rental\/","title":{"rendered":"Bike Rental"},"content":{"rendered":"\t\t<div data-elementor-type=\"wp-page\" data-elementor-id=\"7766\" class=\"elementor elementor-7766 elementor-218\" data-elementor-post-type=\"page\">\n\t\t\t\t<div class=\"elementor-element elementor-element-4a5f670f no-margin-bottom e-flex e-con-boxed e-con e-parent\" data-id=\"4a5f670f\" data-element_type=\"container\">\n\t\t\t\t\t<div class=\"e-con-inner\">\n\t\t<div class=\"elementor-element elementor-element-21192afe e-con-full e-flex e-con e-child\" data-id=\"21192afe\" data-element_type=\"container\">\n\t\t\t\t<div class=\"elementor-element elementor-element-d95e551 elementor-arrows-position-inside elementor-pagination-position-outside elementor-widget elementor-widget-image-carousel\" data-id=\"d95e551\" data-element_type=\"widget\" data-settings=\"{&quot;slides_to_show&quot;:&quot;1&quot;,&quot;autoplay_speed&quot;:3500,&quot;navigation&quot;:&quot;both&quot;,&quot;autoplay&quot;:&quot;yes&quot;,&quot;pause_on_hover&quot;:&quot;yes&quot;,&quot;pause_on_interaction&quot;:&quot;yes&quot;,&quot;infinite&quot;:&quot;yes&quot;,&quot;effect&quot;:&quot;slide&quot;,&quot;speed&quot;:500}\" data-widget_type=\"image-carousel.default\">\n\t\t\t\t<div class=\"elementor-widget-container\">\n\t\t\t\t\t\t\t<div class=\"elementor-image-carousel-wrapper swiper\" role=\"region\" aria-roledescription=\"carousel\" aria-label=\"Image Carousel\" dir=\"ltr\">\n\t\t\t<div class=\"elementor-image-carousel swiper-wrapper\" aria-live=\"off\">\n\t\t\t\t\t\t\t\t<div class=\"swiper-slide\" role=\"group\" aria-roledescription=\"slide\" aria-label=\"1 of 4\"><figure class=\"swiper-slide-inner\"><img decoding=\"async\" class=\"swiper-slide-image\" src=\"https:\/\/www.camping-lannhoedic.fr\/wp-content\/uploads\/2024\/04\/loc-velo-min-768x512.jpg\" alt=\"Location de v\u00e9lo enfant\" \/><\/figure><\/div><div class=\"swiper-slide\" role=\"group\" aria-roledescription=\"slide\" aria-label=\"2 of 4\"><figure class=\"swiper-slide-inner\"><img decoding=\"async\" class=\"swiper-slide-image\" src=\"https:\/\/www.camping-lannhoedic.fr\/wp-content\/uploads\/2024\/04\/velo-electrique-velocouest-min-768x512.png\" alt=\"V\u00e9lo \u00e9lectrique v\u00e9loc&#039;ouest\" \/><\/figure><\/div><div class=\"swiper-slide\" role=\"group\" aria-roledescription=\"slide\" aria-label=\"3 of 4\"><figure class=\"swiper-slide-inner\"><img decoding=\"async\" class=\"swiper-slide-image\" src=\"https:\/\/www.camping-lannhoedic.fr\/wp-content\/uploads\/2024\/04\/enfant-velo-de-ville-velocouest-min-768x512.png\" alt=\"Enfant v\u00e9lo de ville v\u00e9loc&#039;ouest\" \/><\/figure><\/div><div class=\"swiper-slide\" role=\"group\" aria-roledescription=\"slide\" aria-label=\"4 of 4\"><figure class=\"swiper-slide-inner\"><img decoding=\"async\" class=\"swiper-slide-image\" src=\"https:\/\/www.camping-lannhoedic.fr\/wp-content\/uploads\/2024\/04\/balade-vtt-couple-velocouest-min-768x512.png\" alt=\"Balade vtt couple v\u00e9loc&#039;ouest\" \/><\/figure><\/div>\t\t\t<\/div>\n\t\t\t\t\t\t\t\t\t\t\t\t<div class=\"elementor-swiper-button elementor-swiper-button-prev\" role=\"button\" tabindex=\"0\">\n\t\t\t\t\t\t<svg aria-hidden=\"true\" class=\"e-font-icon-svg e-eicon-chevron-left\" viewBox=\"0 0 1000 1000\" xmlns=\"http:\/\/www.w3.org\/2000\/svg\"><path d=\"M646 125C629 125 613 133 604 142L308 442C296 454 292 471 292 487 292 504 296 521 308 533L604 854C617 867 629 875 646 875 663 875 679 871 692 858 704 846 713 829 713 812 713 796 708 779 692 767L438 487 692 225C700 217 708 204 708 187 708 171 704 154 692 142 675 129 663 125 646 125Z\"><\/path><\/svg>\t\t\t\t\t<\/div>\n\t\t\t\t\t<div class=\"elementor-swiper-button elementor-swiper-button-next\" role=\"button\" tabindex=\"0\">\n\t\t\t\t\t\t<svg aria-hidden=\"true\" class=\"e-font-icon-svg e-eicon-chevron-right\" viewBox=\"0 0 1000 1000\" xmlns=\"http:\/\/www.w3.org\/2000\/svg\"><path d=\"M696 533C708 521 713 504 713 487 713 471 708 454 696 446L400 146C388 133 375 125 354 125 338 125 325 129 313 142 300 154 292 171 292 187 292 204 296 221 308 233L563 492 304 771C292 783 288 800 288 817 288 833 296 850 308 863 321 871 338 875 354 875 371 875 388 867 400 854L696 533Z\"><\/path><\/svg>\t\t\t\t\t<\/div>\n\t\t\t\t\n\t\t\t\t\t\t\t\t\t<div class=\"swiper-pagination\"><\/div>\n\t\t\t\t\t\t\t\t\t<\/div>\n\t\t\t\t\t\t<\/div>\n\t\t\t\t<\/div>\n\t\t\t\t<\/div>\n\t\t<div class=\"elementor-element elementor-element-4251317e e-con-full e-flex e-con e-child\" data-id=\"4251317e\" data-element_type=\"container\">\n\t\t\t\t<div class=\"elementor-element elementor-element-100b26c6 elementor-widget elementor-widget-text-editor\" data-id=\"100b26c6\" data-element_type=\"widget\" data-widget_type=\"text-editor.default\">\n\t\t\t\t<div class=\"elementor-widget-container\">\n\t\t\t\t\t\t\t\t\t<p>Rental of mountain bikes and electric bikes at the campsite reception in collaboration with our partner <strong>V\u00e9loc&#8217;Ouest.<\/strong><\/p><p>The Golfe of Morbihan is a cyclist&#8217;s haven and there is an abundance of cycleways and bridleways which you can choose to explore during your stay.<\/p>\t\t\t\t\t\t\t\t<\/div>\n\t\t\t\t<\/div>\n\t\t\t\t<\/div>\n\t\t\t\t\t<\/div>\n\t\t\t\t<\/div>\n\t\t<div class=\"elementor-element elementor-element-d15d89c e-flex e-con-boxed e-con e-parent\" data-id=\"d15d89c\" data-element_type=\"container\">\n\t\t\t\t\t<div class=\"e-con-inner\">\n\t\t<div class=\"elementor-element elementor-element-3c9ec46 e-con-full e-flex e-con e-child\" data-id=\"3c9ec46\" data-element_type=\"container\">\n\t\t\t\t<div class=\"elementor-element elementor-element-b826b5e elementor-widget elementor-widget-text-editor\" data-id=\"b826b5e\" data-element_type=\"widget\" data-widget_type=\"text-editor.default\">\n\t\t\t\t<div class=\"elementor-widget-container\">\n\t\t\t\t\t\t\t\t\t<p><strong>Sarzeau<\/strong> and its neighbouring communes such as <strong>Arzon, Saint-Gildas de Rhuys and Le Tour-du-Parc<\/strong> have been working for several years to develop the region&#8217;s cycle network. Numerous paths and unmarked roads dedicated entirely to cyclists have been created to enable tourists to visit the most beautiful spots in the <strong>Gulf of Morbihan.<\/strong><\/p><p>Just a few kilometres from the <strong>castle of Suscinio<\/strong>, <strong>Port-Navalo<\/strong> and <strong>Saint-Armel<\/strong>, <strong>Camping de Lann Ho\u00ebdic<\/strong> is an ideal starting point for cycling tours. That&#8217;s why our campsite, which is committed to sustainable development, offers mountain bikes or electric bikes for hire.<\/p><p>Why not take advantage of your holiday at Ferme de Lann Ho\u00ebdic to explore the <strong><a href=\"https:\/\/www.golfedumorbihan.co.uk\/prepare\/practical-information\/brochures\/\" target=\"_blank\" rel=\"noopener\">Rhuys peninsula<\/a><\/strong> by bike?<\/p>\t\t\t\t\t\t\t\t<\/div>\n\t\t\t\t<\/div>\n\t\t\t\t<\/div>\n\t\t\t\t\t<\/div>\n\t\t\t\t<\/div>\n\t\t<div class=\"elementor-element elementor-element-1ce1e274 no-padding e-flex e-con-boxed e-con e-parent\" data-id=\"1ce1e274\" data-element_type=\"container\" data-settings=\"{&quot;background_background&quot;:&quot;classic&quot;}\">\n\t\t\t\t\t<div class=\"e-con-inner\">\n\t\t<div class=\"elementor-element elementor-element-7dfaa663 e-con-full e-flex e-con e-child\" data-id=\"7dfaa663\" data-element_type=\"container\">\n\t\t\t\t<div class=\"elementor-element elementor-element-6c03d833 elementor-widget elementor-widget-text-editor\" data-id=\"6c03d833\" data-element_type=\"widget\" data-widget_type=\"text-editor.default\">\n\t\t\t\t<div class=\"elementor-widget-container\">\n\t\t\t\t\t\t\t\t\t<h3 style=\"text-align: center;\"><strong>Bike for adults<\/strong><\/h3>\n<ul>\n<li style=\"text-align: center;\">1 hour 5\u20ac<\/li>\n<li style=\"text-align: center;\">Half a day 10\u20ac<\/li>\n<li style=\"text-align: center;\">1 day 13\u20ac <\/li>\n<li style=\"text-align: center;\">2 day 22\u20ac <\/li>\n<li style=\"text-align: center;\">3 day 30\u20ac <\/li>\n<li style=\"text-align: center;\">4 day 38\u20ac <\/li>\n<li style=\"text-align: center;\">5 day 46\u20ac <\/li>\n<li style=\"text-align: center;\">6 day 55\u20ac <\/li>\n<li style=\"text-align: center;\">7 day 59\u20ac<\/li>\n<\/ul>\n\t\t\t\t\t\t\t\t<\/div>\n\t\t\t\t<\/div>\n\t\t\t\t<\/div>\n\t\t<div class=\"elementor-element elementor-element-bbd52b3 e-con-full e-flex e-con e-child\" data-id=\"bbd52b3\" data-element_type=\"container\">\n\t\t\t\t<div class=\"elementor-element elementor-element-fd1dcc2 elementor-widget elementor-widget-text-editor\" data-id=\"fd1dcc2\" data-element_type=\"widget\" data-widget_type=\"text-editor.default\">\n\t\t\t\t<div class=\"elementor-widget-container\">\n\t\t\t\t\t\t\t\t\t<h3 style=\"text-align: center;\"><strong>Electric bicycles<\/strong><\/h3>\n<ul>\n<li style=\"text-align: center;\">1 hour 10\u20ac<\/li>\n<li style=\"text-align: center;\">Half a day 25\u20ac<\/li>\n<li style=\"text-align: center;\">1 day 30\u20ac <\/li>\n<li style=\"text-align: center;\">2 day 55\u20ac <\/li>\n<li style=\"text-align: center;\">3 day 75\u20ac <\/li>\n<li style=\"text-align: center;\">4 day 95\u20ac <\/li>\n<li style=\"text-align: center;\">5 day 115\u20ac <\/li>\n<li style=\"text-align: center;\">6 day 125\u20ac <\/li>\n<li style=\"text-align: center;\">7 day 135\u20ac<\/li>\n<\/ul>\n\t\t\t\t\t\t\t\t<\/div>\n\t\t\t\t<\/div>\n\t\t\t\t<\/div>\n\t\t\t\t\t<\/div>\n\t\t\t\t<\/div>\n\t\t<div class=\"elementor-element elementor-element-0e53cb4 e-flex e-con-boxed e-con e-parent\" data-id=\"0e53cb4\" data-element_type=\"container\">\n\t\t\t\t\t<div class=\"e-con-inner\">\n\t\t<div class=\"elementor-element elementor-element-80b5bfd e-con-full e-flex e-con e-child\" data-id=\"80b5bfd\" data-element_type=\"container\">\n\t\t\t\t<div class=\"elementor-element elementor-element-698870a elementor-widget elementor-widget-video\" data-id=\"698870a\" data-element_type=\"widget\" data-settings=\"{&quot;youtube_url&quot;:&quot;https:\\\/\\\/youtu.be\\\/TvqHwHFImoE&quot;,&quot;video_type&quot;:&quot;youtube&quot;,&quot;controls&quot;:&quot;yes&quot;}\" data-widget_type=\"video.default\">\n\t\t\t\t<div class=\"elementor-widget-container\">\n\t\t\t\t\t\t\t<div class=\"elementor-wrapper elementor-open-inline\">\n\t\t\t<div class=\"elementor-video\"><\/div>\t\t<\/div>\n\t\t\t\t\t\t<\/div>\n\t\t\t\t<\/div>\n\t\t\t\t<\/div>\n\t\t\t\t\t<\/div>\n\t\t\t\t<\/div>\n\t\t\t\t<\/div>\n\t\t","protected":false},"excerpt":{"rendered":"<p>Rental of mountain bikes and electric bikes at the campsite&hellip;<\/p>\n","protected":false},"author":1,"featured_media":1502,"parent":7722,"menu_order":3,"comment_status":"closed","ping_status":"closed","template":"","meta":{"_acf_changed":false,"footnotes":""},"class_list":["post-7766","page","type-page","status-publish","has-post-thumbnail","hentry"],"acf":[],"yoast_head":"<!-- This site is optimized with the Yoast SEO plugin v26.8 - https:\/\/yoast.com\/product\/yoast-seo-wordpress\/ -->\n<title>Bike hire service at the Sarzeau Lann Ho\u00ebdic campsite<\/title>\n<meta name=\"description\" content=\"Our Sarzeau campsite in the Golfe du Morbihan offers bike and helmet hire so you can explore the riches of the Golfe and the beaches of the Presqu&#039;\u00eele de Rhuys!\" \/>\n<meta name=\"robots\" content=\"index, follow, max-snippet:-1, max-image-preview:large, max-video-preview:-1\" \/>\n<link rel=\"canonical\" href=\"https:\/\/www.camping-lannhoedic.fr\/en\/services\/bike-rental\/\" \/>\n<meta property=\"og:locale\" content=\"en_US\" \/>\n<meta property=\"og:type\" content=\"article\" \/>\n<meta property=\"og:title\" content=\"Bike hire service at the Sarzeau Lann Ho\u00ebdic campsite\" \/>\n<meta property=\"og:description\" content=\"Our Sarzeau campsite in the Golfe du Morbihan offers bike and helmet hire so you can explore the riches of the Golfe and the beaches of the Presqu&#039;\u00eele de Rhuys!\" \/>\n<meta property=\"og:url\" content=\"https:\/\/www.camping-lannhoedic.fr\/en\/services\/bike-rental\/\" \/>\n<meta property=\"og:site_name\" content=\"Camping de Lann Hoedic\" \/>\n<meta property=\"article:modified_time\" content=\"2024-04-15T10:34:23+00:00\" \/>\n<meta property=\"og:image\" content=\"https:\/\/www.camping-lannhoedic.fr\/wp-content\/uploads\/2024\/03\/location-velo.jpg\" \/>\n\t<meta property=\"og:image:width\" content=\"350\" \/>\n\t<meta property=\"og:image:height\" content=\"350\" \/>\n\t<meta property=\"og:image:type\" content=\"image\/jpeg\" \/>\n<meta name=\"twitter:card\" content=\"summary_large_image\" \/>\n<meta name=\"twitter:label1\" content=\"Est. reading time\" \/>\n\t<meta name=\"twitter:data1\" content=\"3 minutes\" \/>\n<script type=\"application\/ld+json\" class=\"yoast-schema-graph\">{\"@context\":\"https:\/\/schema.org\",\"@graph\":[{\"@type\":\"WebPage\",\"@id\":\"https:\/\/www.camping-lannhoedic.fr\/en\/services\/bike-rental\/\",\"url\":\"https:\/\/www.camping-lannhoedic.fr\/en\/services\/bike-rental\/\",\"name\":\"Bike hire service at the Sarzeau Lann Ho\u00ebdic campsite\",\"isPartOf\":{\"@id\":\"https:\/\/www.camping-lannhoedic.fr\/en\/#website\"},\"primaryImageOfPage\":{\"@id\":\"https:\/\/www.camping-lannhoedic.fr\/en\/services\/bike-rental\/#primaryimage\"},\"image\":{\"@id\":\"https:\/\/www.camping-lannhoedic.fr\/en\/services\/bike-rental\/#primaryimage\"},\"thumbnailUrl\":\"https:\/\/www.camping-lannhoedic.fr\/wp-content\/uploads\/2024\/03\/location-velo.jpg\",\"datePublished\":\"2024-02-01T15:53:46+00:00\",\"dateModified\":\"2024-04-15T10:34:23+00:00\",\"description\":\"Our Sarzeau campsite in the Golfe du Morbihan offers bike and helmet hire so you can explore the riches of the Golfe and the beaches of the Presqu'\u00eele de Rhuys!\",\"breadcrumb\":{\"@id\":\"https:\/\/www.camping-lannhoedic.fr\/en\/services\/bike-rental\/#breadcrumb\"},\"inLanguage\":\"en-US\",\"potentialAction\":[{\"@type\":\"ReadAction\",\"target\":[\"https:\/\/www.camping-lannhoedic.fr\/en\/services\/bike-rental\/\"]}]},{\"@type\":\"ImageObject\",\"inLanguage\":\"en-US\",\"@id\":\"https:\/\/www.camping-lannhoedic.fr\/en\/services\/bike-rental\/#primaryimage\",\"url\":\"https:\/\/www.camping-lannhoedic.fr\/wp-content\/uploads\/2024\/03\/location-velo.jpg\",\"contentUrl\":\"https:\/\/www.camping-lannhoedic.fr\/wp-content\/uploads\/2024\/03\/location-velo.jpg\",\"width\":350,\"height\":350,\"caption\":\"Location de v\u00e9lo\"},{\"@type\":\"BreadcrumbList\",\"@id\":\"https:\/\/www.camping-lannhoedic.fr\/en\/services\/bike-rental\/#breadcrumb\",\"itemListElement\":[{\"@type\":\"ListItem\",\"position\":1,\"name\":\"Camping La Ferme de Lann Ho\u00ebdic\",\"item\":\"https:\/\/www.camping-lannhoedic.fr\/en\/\"},{\"@type\":\"ListItem\",\"position\":2,\"name\":\"Services\",\"item\":\"https:\/\/www.camping-lannhoedic.fr\/en\/services\/\"},{\"@type\":\"ListItem\",\"position\":3,\"name\":\"Bike Rental\"}]},{\"@type\":\"WebSite\",\"@id\":\"https:\/\/www.camping-lannhoedic.fr\/en\/#website\",\"url\":\"https:\/\/www.camping-lannhoedic.fr\/en\/\",\"name\":\"Camping de Lann Hoedic\",\"description\":\"\",\"publisher\":{\"@id\":\"https:\/\/www.camping-lannhoedic.fr\/en\/#organization\"},\"potentialAction\":[{\"@type\":\"SearchAction\",\"target\":{\"@type\":\"EntryPoint\",\"urlTemplate\":\"https:\/\/www.camping-lannhoedic.fr\/en\/?s={search_term_string}\"},\"query-input\":{\"@type\":\"PropertyValueSpecification\",\"valueRequired\":true,\"valueName\":\"search_term_string\"}}],\"inLanguage\":\"en-US\"},{\"@type\":\"Organization\",\"@id\":\"https:\/\/www.camping-lannhoedic.fr\/en\/#organization\",\"name\":\"Camping de Lann Hoedic\",\"url\":\"https:\/\/www.camping-lannhoedic.fr\/en\/\",\"logo\":{\"@type\":\"ImageObject\",\"inLanguage\":\"en-US\",\"@id\":\"https:\/\/www.camping-lannhoedic.fr\/en\/#\/schema\/logo\/image\/\",\"url\":\"https:\/\/www.camping-lannhoedic.fr\/wp-content\/uploads\/2024\/01\/logo.png\",\"contentUrl\":\"https:\/\/www.camping-lannhoedic.fr\/wp-content\/uploads\/2024\/01\/logo.png\",\"width\":170,\"height\":169,\"caption\":\"Camping de Lann Hoedic\"},\"image\":{\"@id\":\"https:\/\/www.camping-lannhoedic.fr\/en\/#\/schema\/logo\/image\/\"}}]}<\/script>\n<!-- \/ Yoast SEO plugin. -->","yoast_head_json":{"title":"Bike hire service at the Sarzeau Lann Ho\u00ebdic campsite","description":"Our Sarzeau campsite in the Golfe du Morbihan offers bike and helmet hire so you can explore the riches of the Golfe and the beaches of the Presqu'\u00eele de Rhuys!","robots":{"index":"index","follow":"follow","max-snippet":"max-snippet:-1","max-image-preview":"max-image-preview:large","max-video-preview":"max-video-preview:-1"},"canonical":"https:\/\/www.camping-lannhoedic.fr\/en\/services\/bike-rental\/","og_locale":"en_US","og_type":"article","og_title":"Bike hire service at the Sarzeau Lann Ho\u00ebdic campsite","og_description":"Our Sarzeau campsite in the Golfe du Morbihan offers bike and helmet hire so you can explore the riches of the Golfe and the beaches of the Presqu'\u00eele de Rhuys!","og_url":"https:\/\/www.camping-lannhoedic.fr\/en\/services\/bike-rental\/","og_site_name":"Camping de Lann Hoedic","article_modified_time":"2024-04-15T10:34:23+00:00","og_image":[{"width":350,"height":350,"url":"https:\/\/www.camping-lannhoedic.fr\/wp-content\/uploads\/2024\/03\/location-velo.jpg","type":"image\/jpeg"}],"twitter_card":"summary_large_image","twitter_misc":{"Est. reading time":"3 minutes"},"schema":{"@context":"https:\/\/schema.org","@graph":[{"@type":"WebPage","@id":"https:\/\/www.camping-lannhoedic.fr\/en\/services\/bike-rental\/","url":"https:\/\/www.camping-lannhoedic.fr\/en\/services\/bike-rental\/","name":"Bike hire service at the Sarzeau Lann Ho\u00ebdic campsite","isPartOf":{"@id":"https:\/\/www.camping-lannhoedic.fr\/en\/#website"},"primaryImageOfPage":{"@id":"https:\/\/www.camping-lannhoedic.fr\/en\/services\/bike-rental\/#primaryimage"},"image":{"@id":"https:\/\/www.camping-lannhoedic.fr\/en\/services\/bike-rental\/#primaryimage"},"thumbnailUrl":"https:\/\/www.camping-lannhoedic.fr\/wp-content\/uploads\/2024\/03\/location-velo.jpg","datePublished":"2024-02-01T15:53:46+00:00","dateModified":"2024-04-15T10:34:23+00:00","description":"Our Sarzeau campsite in the Golfe du Morbihan offers bike and helmet hire so you can explore the riches of the Golfe and the beaches of the Presqu'\u00eele de Rhuys!","breadcrumb":{"@id":"https:\/\/www.camping-lannhoedic.fr\/en\/services\/bike-rental\/#breadcrumb"},"inLanguage":"en-US","potentialAction":[{"@type":"ReadAction","target":["https:\/\/www.camping-lannhoedic.fr\/en\/services\/bike-rental\/"]}]},{"@type":"ImageObject","inLanguage":"en-US","@id":"https:\/\/www.camping-lannhoedic.fr\/en\/services\/bike-rental\/#primaryimage","url":"https:\/\/www.camping-lannhoedic.fr\/wp-content\/uploads\/2024\/03\/location-velo.jpg","contentUrl":"https:\/\/www.camping-lannhoedic.fr\/wp-content\/uploads\/2024\/03\/location-velo.jpg","width":350,"height":350,"caption":"Location de v\u00e9lo"},{"@type":"BreadcrumbList","@id":"https:\/\/www.camping-lannhoedic.fr\/en\/services\/bike-rental\/#breadcrumb","itemListElement":[{"@type":"ListItem","position":1,"name":"Camping La Ferme de Lann Ho\u00ebdic","item":"https:\/\/www.camping-lannhoedic.fr\/en\/"},{"@type":"ListItem","position":2,"name":"Services","item":"https:\/\/www.camping-lannhoedic.fr\/en\/services\/"},{"@type":"ListItem","position":3,"name":"Bike Rental"}]},{"@type":"WebSite","@id":"https:\/\/www.camping-lannhoedic.fr\/en\/#website","url":"https:\/\/www.camping-lannhoedic.fr\/en\/","name":"Camping de Lann Hoedic","description":"","publisher":{"@id":"https:\/\/www.camping-lannhoedic.fr\/en\/#organization"},"potentialAction":[{"@type":"SearchAction","target":{"@type":"EntryPoint","urlTemplate":"https:\/\/www.camping-lannhoedic.fr\/en\/?s={search_term_string}"},"query-input":{"@type":"PropertyValueSpecification","valueRequired":true,"valueName":"search_term_string"}}],"inLanguage":"en-US"},{"@type":"Organization","@id":"https:\/\/www.camping-lannhoedic.fr\/en\/#organization","name":"Camping de Lann Hoedic","url":"https:\/\/www.camping-lannhoedic.fr\/en\/","logo":{"@type":"ImageObject","inLanguage":"en-US","@id":"https:\/\/www.camping-lannhoedic.fr\/en\/#\/schema\/logo\/image\/","url":"https:\/\/www.camping-lannhoedic.fr\/wp-content\/uploads\/2024\/01\/logo.png","contentUrl":"https:\/\/www.camping-lannhoedic.fr\/wp-content\/uploads\/2024\/01\/logo.png","width":170,"height":169,"caption":"Camping de Lann Hoedic"},"image":{"@id":"https:\/\/www.camping-lannhoedic.fr\/en\/#\/schema\/logo\/image\/"}}]}},"_links":{"self":[{"href":"https:\/\/www.camping-lannhoedic.fr\/en\/wp-json\/wp\/v2\/pages\/7766","targetHints":{"allow":["GET"]}}],"collection":[{"href":"https:\/\/www.camping-lannhoedic.fr\/en\/wp-json\/wp\/v2\/pages"}],"about":[{"href":"https:\/\/www.camping-lannhoedic.fr\/en\/wp-json\/wp\/v2\/types\/page"}],"author":[{"embeddable":true,"href":"https:\/\/www.camping-lannhoedic.fr\/en\/wp-json\/wp\/v2\/users\/1"}],"replies":[{"embeddable":true,"href":"https:\/\/www.camping-lannhoedic.fr\/en\/wp-json\/wp\/v2\/comments?post=7766"}],"version-history":[{"count":12,"href":"https:\/\/www.camping-lannhoedic.fr\/en\/wp-json\/wp\/v2\/pages\/7766\/revisions"}],"predecessor-version":[{"id":8898,"href":"https:\/\/www.camping-lannhoedic.fr\/en\/wp-json\/wp\/v2\/pages\/7766\/revisions\/8898"}],"up":[{"embeddable":true,"href":"https:\/\/www.camping-lannhoedic.fr\/en\/wp-json\/wp\/v2\/pages\/7722"}],"wp:featuredmedia":[{"embeddable":true,"href":"https:\/\/www.camping-lannhoedic.fr\/en\/wp-json\/wp\/v2\/media\/1502"}],"wp:attachment":[{"href":"https:\/\/www.camping-lannhoedic.fr\/en\/wp-json\/wp\/v2\/media?parent=7766"}],"curies":[{"name":"wp","href":"https:\/\/api.w.org\/{rel}","templated":true}]}}