{"id":7777,"date":"2024-02-01T16:53:46","date_gmt":"2024-02-01T15:53:46","guid":{"rendered":"https:\/\/www.camping-lannhoedic.fr\/leistungen\/vermietung-von-fahrraedern\/"},"modified":"2024-04-15T12:35:27","modified_gmt":"2024-04-15T10:35:27","slug":"vermietung-von-fahrraedern","status":"publish","type":"page","link":"https:\/\/www.camping-lannhoedic.fr\/de\/leistungen\/vermietung-von-fahrraedern\/","title":{"rendered":"Vermietung von Fahrr\u00e4dern"},"content":{"rendered":"\t\t<div data-elementor-type=\"wp-page\" data-elementor-id=\"7777\" class=\"elementor elementor-7777 elementor-218\" data-elementor-post-type=\"page\">\n\t\t\t\t<div class=\"elementor-element elementor-element-4a5f670f no-margin-bottom e-flex e-con-boxed e-con e-parent\" data-id=\"4a5f670f\" data-element_type=\"container\">\n\t\t\t\t\t<div class=\"e-con-inner\">\n\t\t<div class=\"elementor-element elementor-element-21192afe e-con-full e-flex e-con e-child\" data-id=\"21192afe\" data-element_type=\"container\">\n\t\t\t\t<div class=\"elementor-element elementor-element-d95e551 elementor-arrows-position-inside elementor-pagination-position-outside elementor-widget elementor-widget-image-carousel\" data-id=\"d95e551\" data-element_type=\"widget\" data-settings=\"{&quot;slides_to_show&quot;:&quot;1&quot;,&quot;autoplay_speed&quot;:3500,&quot;navigation&quot;:&quot;both&quot;,&quot;autoplay&quot;:&quot;yes&quot;,&quot;pause_on_hover&quot;:&quot;yes&quot;,&quot;pause_on_interaction&quot;:&quot;yes&quot;,&quot;infinite&quot;:&quot;yes&quot;,&quot;effect&quot;:&quot;slide&quot;,&quot;speed&quot;:500}\" data-widget_type=\"image-carousel.default\">\n\t\t\t\t<div class=\"elementor-widget-container\">\n\t\t\t\t\t\t\t<div class=\"elementor-image-carousel-wrapper swiper\" role=\"region\" aria-roledescription=\"carousel\" aria-label=\"Bild Karussell\" dir=\"ltr\">\n\t\t\t<div class=\"elementor-image-carousel swiper-wrapper\" aria-live=\"off\">\n\t\t\t\t\t\t\t\t<div class=\"swiper-slide\" role=\"group\" aria-roledescription=\"slide\" aria-label=\"1 von 4\"><figure class=\"swiper-slide-inner\"><img decoding=\"async\" class=\"swiper-slide-image\" src=\"https:\/\/www.camping-lannhoedic.fr\/wp-content\/uploads\/2024\/04\/loc-velo-min-768x512.jpg\" alt=\"Location de v\u00e9lo enfant\" \/><\/figure><\/div><div class=\"swiper-slide\" role=\"group\" aria-roledescription=\"slide\" aria-label=\"2 von 4\"><figure class=\"swiper-slide-inner\"><img decoding=\"async\" class=\"swiper-slide-image\" src=\"https:\/\/www.camping-lannhoedic.fr\/wp-content\/uploads\/2024\/04\/velo-electrique-velocouest-min-768x512.png\" alt=\"V\u00e9lo \u00e9lectrique v\u00e9loc&#039;ouest\" \/><\/figure><\/div><div class=\"swiper-slide\" role=\"group\" aria-roledescription=\"slide\" aria-label=\"3 von 4\"><figure class=\"swiper-slide-inner\"><img decoding=\"async\" class=\"swiper-slide-image\" src=\"https:\/\/www.camping-lannhoedic.fr\/wp-content\/uploads\/2024\/04\/enfant-velo-de-ville-velocouest-min-768x512.png\" alt=\"Enfant v\u00e9lo de ville v\u00e9loc&#039;ouest\" \/><\/figure><\/div><div class=\"swiper-slide\" role=\"group\" aria-roledescription=\"slide\" aria-label=\"4 von 4\"><figure class=\"swiper-slide-inner\"><img decoding=\"async\" class=\"swiper-slide-image\" src=\"https:\/\/www.camping-lannhoedic.fr\/wp-content\/uploads\/2024\/04\/balade-vtt-couple-velocouest-min-768x512.png\" alt=\"Balade vtt couple v\u00e9loc&#039;ouest\" \/><\/figure><\/div>\t\t\t<\/div>\n\t\t\t\t\t\t\t\t\t\t\t\t<div class=\"elementor-swiper-button elementor-swiper-button-prev\" role=\"button\" tabindex=\"0\">\n\t\t\t\t\t\t<svg aria-hidden=\"true\" class=\"e-font-icon-svg e-eicon-chevron-left\" viewBox=\"0 0 1000 1000\" xmlns=\"http:\/\/www.w3.org\/2000\/svg\"><path d=\"M646 125C629 125 613 133 604 142L308 442C296 454 292 471 292 487 292 504 296 521 308 533L604 854C617 867 629 875 646 875 663 875 679 871 692 858 704 846 713 829 713 812 713 796 708 779 692 767L438 487 692 225C700 217 708 204 708 187 708 171 704 154 692 142 675 129 663 125 646 125Z\"><\/path><\/svg>\t\t\t\t\t<\/div>\n\t\t\t\t\t<div class=\"elementor-swiper-button elementor-swiper-button-next\" role=\"button\" tabindex=\"0\">\n\t\t\t\t\t\t<svg aria-hidden=\"true\" class=\"e-font-icon-svg e-eicon-chevron-right\" viewBox=\"0 0 1000 1000\" xmlns=\"http:\/\/www.w3.org\/2000\/svg\"><path d=\"M696 533C708 521 713 504 713 487 713 471 708 454 696 446L400 146C388 133 375 125 354 125 338 125 325 129 313 142 300 154 292 171 292 187 292 204 296 221 308 233L563 492 304 771C292 783 288 800 288 817 288 833 296 850 308 863 321 871 338 875 354 875 371 875 388 867 400 854L696 533Z\"><\/path><\/svg>\t\t\t\t\t<\/div>\n\t\t\t\t\n\t\t\t\t\t\t\t\t\t<div class=\"swiper-pagination\"><\/div>\n\t\t\t\t\t\t\t\t\t<\/div>\n\t\t\t\t\t\t<\/div>\n\t\t\t\t<\/div>\n\t\t\t\t<\/div>\n\t\t<div class=\"elementor-element elementor-element-4251317e e-con-full e-flex e-con e-child\" data-id=\"4251317e\" data-element_type=\"container\">\n\t\t\t\t<div class=\"elementor-element elementor-element-100b26c6 elementor-widget elementor-widget-text-editor\" data-id=\"100b26c6\" data-element_type=\"widget\" data-widget_type=\"text-editor.default\">\n\t\t\t\t<div class=\"elementor-widget-container\">\n\t\t\t\t\t\t\t\t\t<p>Verleih von Mountainbikes und Elektrofahrr\u00e4dern an der Rezeption des Campingplatzes in Zusammenarbeit mit unserem Partner <strong>V\u00e9loc&#8217;Ouest.<\/strong><\/p><p>Der Golf von Morbihan ist ein Paradies f\u00fcr Radfahrer und Sie finden reichlich Radwege, die Sie w\u00e4hrend Ihres Aufenthalts erkunden k\u00f6nnen.<\/p>\t\t\t\t\t\t\t\t<\/div>\n\t\t\t\t<\/div>\n\t\t\t\t<\/div>\n\t\t\t\t\t<\/div>\n\t\t\t\t<\/div>\n\t\t<div class=\"elementor-element elementor-element-d15d89c e-flex e-con-boxed e-con e-parent\" data-id=\"d15d89c\" data-element_type=\"container\">\n\t\t\t\t\t<div class=\"e-con-inner\">\n\t\t<div class=\"elementor-element elementor-element-3c9ec46 e-con-full e-flex e-con e-child\" data-id=\"3c9ec46\" data-element_type=\"container\">\n\t\t\t\t<div class=\"elementor-element elementor-element-b826b5e elementor-widget elementor-widget-text-editor\" data-id=\"b826b5e\" data-element_type=\"widget\" data-widget_type=\"text-editor.default\">\n\t\t\t\t<div class=\"elementor-widget-container\">\n\t\t\t\t\t\t\t\t\t<p><strong>Sarzeau<\/strong> und seine Nachbargemeinden wie <strong>Arzon, Saint-Gildas de Rhuys oder Le Tour-du-Parc<\/strong> setzen sich seit mehreren Jahren f\u00fcr den Ausbau des Radwegenetzes in der Region ein. Es wurden zahlreiche banalisierte Wege und Stra\u00dfen geschaffen, die ganz den Radfahrern gewidmet sind, damit Touristen die sch\u00f6nsten Orte des <strong>Golfs von Morbihan<\/strong> besichtigen k\u00f6nnen.<\/p><p>Nur wenige Kilometer vom <strong>Schloss Suscinio<\/strong>, von <strong>Port-Navalo<\/strong> und <strong>Saint-Armel<\/strong> entfernt, ist der <strong>Campingplatz Lann Ho\u00ebdic<\/strong> ein bevorzugter Ort f\u00fcr den Start von Fahrradtouren. Aus diesem Grund bietet Ihnen unser Campingplatz, der sich f\u00fcr eine nachhaltige Entwicklung einsetzt, Mountainbikes oder Elektrofahrr\u00e4der zum Ausleihen an.<\/p><p>Warum nutzen Sie Ihren Urlaub auf der Ferme de Lann Ho\u00ebdic nicht, um die Halbinsel <strong><a href=\"https:\/\/www.golfedumorbihan.de\/vorbereiten\/praktische-infos\/broschueren\/\" target=\"_blank\" rel=\"noopener\">Rhuys mit dem Fahrrad<\/a><\/strong> zu erkunden?<\/p>\t\t\t\t\t\t\t\t<\/div>\n\t\t\t\t<\/div>\n\t\t\t\t<\/div>\n\t\t\t\t\t<\/div>\n\t\t\t\t<\/div>\n\t\t<div class=\"elementor-element elementor-element-1ce1e274 no-padding e-flex e-con-boxed e-con e-parent\" data-id=\"1ce1e274\" data-element_type=\"container\" data-settings=\"{&quot;background_background&quot;:&quot;classic&quot;}\">\n\t\t\t\t\t<div class=\"e-con-inner\">\n\t\t<div class=\"elementor-element elementor-element-7dfaa663 e-con-full e-flex e-con e-child\" data-id=\"7dfaa663\" data-element_type=\"container\">\n\t\t\t\t<div class=\"elementor-element elementor-element-6c03d833 elementor-widget elementor-widget-text-editor\" data-id=\"6c03d833\" data-element_type=\"widget\" data-widget_type=\"text-editor.default\">\n\t\t\t\t<div class=\"elementor-widget-container\">\n\t\t\t\t\t\t\t\t\t<h3 style=\"text-align: center;\"><strong>Fahr\u00e4der f\u00fcr Erwachsene<\/strong><\/h3>\n<ul>\n<li style=\"text-align: center;\">Pro Stunde 5\u20ac<\/li>\n<li style=\"text-align: center;\">Halbtag 10\u20ac<\/li>\n<li style=\"text-align: center;\">1 Tag 13\u20ac <\/li>\n<li style=\"text-align: center;\">2 Tage 22\u20ac <\/li>\n<li style=\"text-align: center;\">3 Tage 30\u20ac <\/li>\n<li style=\"text-align: center;\">4 Tage 38\u20ac <\/li>\n<li style=\"text-align: center;\">5 Tage 46\u20ac <\/li>\n<li style=\"text-align: center;\">6 Tage 55\u20ac <\/li>\n<li style=\"text-align: center;\">7 Tage 59\u20ac<\/li>\n<\/ul>\n\t\t\t\t\t\t\t\t<\/div>\n\t\t\t\t<\/div>\n\t\t\t\t<\/div>\n\t\t<div class=\"elementor-element elementor-element-bbd52b3 e-con-full e-flex e-con e-child\" data-id=\"bbd52b3\" data-element_type=\"container\">\n\t\t\t\t<div class=\"elementor-element elementor-element-fd1dcc2 elementor-widget elementor-widget-text-editor\" data-id=\"fd1dcc2\" data-element_type=\"widget\" data-widget_type=\"text-editor.default\">\n\t\t\t\t<div class=\"elementor-widget-container\">\n\t\t\t\t\t\t\t\t\t<h3 style=\"text-align: center;\"><strong>Elektrofahrr\u00e4der<\/strong><\/h3>\n<ul>\n<li style=\"text-align: center;\">Pro Stunde 10\u20ac<\/li>\n<li style=\"text-align: center;\">Halbtag 25\u20ac<\/li>\n<li style=\"text-align: center;\">1 Tag 30\u20ac <\/li>\n<li style=\"text-align: center;\">2 Tage 55\u20ac <\/li>\n<li style=\"text-align: center;\">3 Tage 75\u20ac <\/li>\n<li style=\"text-align: center;\">4 Tage 95\u20ac <\/li>\n<li style=\"text-align: center;\">5 Tage 115\u20ac <\/li>\n<li style=\"text-align: center;\">6 Tage 125\u20ac <\/li>\n<li style=\"text-align: center;\">7 Tage 135\u20ac<\/li>\n<\/ul>\n\t\t\t\t\t\t\t\t<\/div>\n\t\t\t\t<\/div>\n\t\t\t\t<\/div>\n\t\t\t\t\t<\/div>\n\t\t\t\t<\/div>\n\t\t<div class=\"elementor-element elementor-element-0e53cb4 e-flex e-con-boxed e-con e-parent\" data-id=\"0e53cb4\" data-element_type=\"container\">\n\t\t\t\t\t<div class=\"e-con-inner\">\n\t\t<div class=\"elementor-element elementor-element-80b5bfd e-con-full e-flex e-con e-child\" data-id=\"80b5bfd\" data-element_type=\"container\">\n\t\t\t\t<div class=\"elementor-element elementor-element-698870a elementor-widget elementor-widget-video\" data-id=\"698870a\" data-element_type=\"widget\" data-settings=\"{&quot;youtube_url&quot;:&quot;https:\\\/\\\/youtu.be\\\/TvqHwHFImoE&quot;,&quot;video_type&quot;:&quot;youtube&quot;,&quot;controls&quot;:&quot;yes&quot;}\" data-widget_type=\"video.default\">\n\t\t\t\t<div class=\"elementor-widget-container\">\n\t\t\t\t\t\t\t<div class=\"elementor-wrapper elementor-open-inline\">\n\t\t\t<div class=\"elementor-video\"><\/div>\t\t<\/div>\n\t\t\t\t\t\t<\/div>\n\t\t\t\t<\/div>\n\t\t\t\t<\/div>\n\t\t\t\t\t<\/div>\n\t\t\t\t<\/div>\n\t\t\t\t<\/div>\n\t\t","protected":false},"excerpt":{"rendered":"<p>Verleih von Mountainbikes und Elektrofahrr\u00e4dern an der Rezeption des Campingplatzes&hellip;<\/p>\n","protected":false},"author":1,"featured_media":1503,"parent":7723,"menu_order":3,"comment_status":"closed","ping_status":"closed","template":"","meta":{"_acf_changed":false,"footnotes":""},"class_list":["post-7777","page","type-page","status-publish","has-post-thumbnail","hentry"],"acf":[],"yoast_head":"<!-- This site is optimized with the Yoast SEO plugin v26.8 - https:\/\/yoast.com\/product\/yoast-seo-wordpress\/ -->\n<title>Fahrradverleih auf dem Campingplatz in Sarzeau Lann Ho\u00ebdic<\/title>\n<meta name=\"description\" content=\"Unser Campingplatz in Sarzeau am Golf von Morbihan bietet Ihnen den Verleih von Fahrr\u00e4dern und Helmen, damit Sie die Reicht\u00fcmer des Golfs und die Str\u00e4nde der Halbinsel Rhuys entdecken k\u00f6nnen!\" \/>\n<meta name=\"robots\" content=\"index, follow, max-snippet:-1, max-image-preview:large, max-video-preview:-1\" \/>\n<link rel=\"canonical\" href=\"https:\/\/www.camping-lannhoedic.fr\/de\/leistungen\/vermietung-von-fahrraedern\/\" \/>\n<meta property=\"og:locale\" content=\"de_DE\" \/>\n<meta property=\"og:type\" content=\"article\" \/>\n<meta property=\"og:title\" content=\"Fahrradverleih auf dem Campingplatz in Sarzeau Lann Ho\u00ebdic\" \/>\n<meta property=\"og:description\" content=\"Unser Campingplatz in Sarzeau am Golf von Morbihan bietet Ihnen den Verleih von Fahrr\u00e4dern und Helmen, damit Sie die Reicht\u00fcmer des Golfs und die Str\u00e4nde der Halbinsel Rhuys entdecken k\u00f6nnen!\" \/>\n<meta property=\"og:url\" content=\"https:\/\/www.camping-lannhoedic.fr\/de\/leistungen\/vermietung-von-fahrraedern\/\" \/>\n<meta property=\"og:site_name\" content=\"Camping de Lann Hoedic\" \/>\n<meta property=\"article:modified_time\" content=\"2024-04-15T10:35:27+00:00\" \/>\n<meta property=\"og:image\" content=\"https:\/\/www.camping-lannhoedic.fr\/wp-content\/uploads\/2024\/03\/location-velo.jpg\" \/>\n\t<meta property=\"og:image:width\" content=\"350\" \/>\n\t<meta property=\"og:image:height\" content=\"350\" \/>\n\t<meta property=\"og:image:type\" content=\"image\/jpeg\" \/>\n<meta name=\"twitter:card\" content=\"summary_large_image\" \/>\n<meta name=\"twitter:label1\" content=\"Gesch\u00e4tzte Lesezeit\" \/>\n\t<meta name=\"twitter:data1\" content=\"3\u00a0Minuten\" \/>\n<script type=\"application\/ld+json\" class=\"yoast-schema-graph\">{\"@context\":\"https:\/\/schema.org\",\"@graph\":[{\"@type\":\"WebPage\",\"@id\":\"https:\/\/www.camping-lannhoedic.fr\/de\/leistungen\/vermietung-von-fahrraedern\/\",\"url\":\"https:\/\/www.camping-lannhoedic.fr\/de\/leistungen\/vermietung-von-fahrraedern\/\",\"name\":\"Fahrradverleih auf dem Campingplatz in Sarzeau Lann Ho\u00ebdic\",\"isPartOf\":{\"@id\":\"https:\/\/www.camping-lannhoedic.fr\/de\/#website\"},\"primaryImageOfPage\":{\"@id\":\"https:\/\/www.camping-lannhoedic.fr\/de\/leistungen\/vermietung-von-fahrraedern\/#primaryimage\"},\"image\":{\"@id\":\"https:\/\/www.camping-lannhoedic.fr\/de\/leistungen\/vermietung-von-fahrraedern\/#primaryimage\"},\"thumbnailUrl\":\"https:\/\/www.camping-lannhoedic.fr\/wp-content\/uploads\/2024\/03\/location-velo.jpg\",\"datePublished\":\"2024-02-01T15:53:46+00:00\",\"dateModified\":\"2024-04-15T10:35:27+00:00\",\"description\":\"Unser Campingplatz in Sarzeau am Golf von Morbihan bietet Ihnen den Verleih von Fahrr\u00e4dern und Helmen, damit Sie die Reicht\u00fcmer des Golfs und die Str\u00e4nde der Halbinsel Rhuys entdecken k\u00f6nnen!\",\"breadcrumb\":{\"@id\":\"https:\/\/www.camping-lannhoedic.fr\/de\/leistungen\/vermietung-von-fahrraedern\/#breadcrumb\"},\"inLanguage\":\"de\",\"potentialAction\":[{\"@type\":\"ReadAction\",\"target\":[\"https:\/\/www.camping-lannhoedic.fr\/de\/leistungen\/vermietung-von-fahrraedern\/\"]}]},{\"@type\":\"ImageObject\",\"inLanguage\":\"de\",\"@id\":\"https:\/\/www.camping-lannhoedic.fr\/de\/leistungen\/vermietung-von-fahrraedern\/#primaryimage\",\"url\":\"https:\/\/www.camping-lannhoedic.fr\/wp-content\/uploads\/2024\/03\/location-velo.jpg\",\"contentUrl\":\"https:\/\/www.camping-lannhoedic.fr\/wp-content\/uploads\/2024\/03\/location-velo.jpg\",\"width\":350,\"height\":350,\"caption\":\"Location de v\u00e9lo\"},{\"@type\":\"BreadcrumbList\",\"@id\":\"https:\/\/www.camping-lannhoedic.fr\/de\/leistungen\/vermietung-von-fahrraedern\/#breadcrumb\",\"itemListElement\":[{\"@type\":\"ListItem\",\"position\":1,\"name\":\"Camping La Ferme de Lann Ho\u00ebdic\",\"item\":\"https:\/\/www.camping-lannhoedic.fr\/de\/\"},{\"@type\":\"ListItem\",\"position\":2,\"name\":\"Leistungen\",\"item\":\"https:\/\/www.camping-lannhoedic.fr\/de\/leistungen\/\"},{\"@type\":\"ListItem\",\"position\":3,\"name\":\"Vermietung von Fahrr\u00e4dern\"}]},{\"@type\":\"WebSite\",\"@id\":\"https:\/\/www.camping-lannhoedic.fr\/de\/#website\",\"url\":\"https:\/\/www.camping-lannhoedic.fr\/de\/\",\"name\":\"Camping de Lann Hoedic\",\"description\":\"\",\"publisher\":{\"@id\":\"https:\/\/www.camping-lannhoedic.fr\/de\/#organization\"},\"potentialAction\":[{\"@type\":\"SearchAction\",\"target\":{\"@type\":\"EntryPoint\",\"urlTemplate\":\"https:\/\/www.camping-lannhoedic.fr\/de\/?s={search_term_string}\"},\"query-input\":{\"@type\":\"PropertyValueSpecification\",\"valueRequired\":true,\"valueName\":\"search_term_string\"}}],\"inLanguage\":\"de\"},{\"@type\":\"Organization\",\"@id\":\"https:\/\/www.camping-lannhoedic.fr\/de\/#organization\",\"name\":\"Camping de Lann Hoedic\",\"url\":\"https:\/\/www.camping-lannhoedic.fr\/de\/\",\"logo\":{\"@type\":\"ImageObject\",\"inLanguage\":\"de\",\"@id\":\"https:\/\/www.camping-lannhoedic.fr\/de\/#\/schema\/logo\/image\/\",\"url\":\"https:\/\/www.camping-lannhoedic.fr\/wp-content\/uploads\/2024\/01\/logo.png\",\"contentUrl\":\"https:\/\/www.camping-lannhoedic.fr\/wp-content\/uploads\/2024\/01\/logo.png\",\"width\":170,\"height\":169,\"caption\":\"Camping de Lann Hoedic\"},\"image\":{\"@id\":\"https:\/\/www.camping-lannhoedic.fr\/de\/#\/schema\/logo\/image\/\"}}]}<\/script>\n<!-- \/ Yoast SEO plugin. -->","yoast_head_json":{"title":"Fahrradverleih auf dem Campingplatz in Sarzeau Lann Ho\u00ebdic","description":"Unser Campingplatz in Sarzeau am Golf von Morbihan bietet Ihnen den Verleih von Fahrr\u00e4dern und Helmen, damit Sie die Reicht\u00fcmer des Golfs und die Str\u00e4nde der Halbinsel Rhuys entdecken k\u00f6nnen!","robots":{"index":"index","follow":"follow","max-snippet":"max-snippet:-1","max-image-preview":"max-image-preview:large","max-video-preview":"max-video-preview:-1"},"canonical":"https:\/\/www.camping-lannhoedic.fr\/de\/leistungen\/vermietung-von-fahrraedern\/","og_locale":"de_DE","og_type":"article","og_title":"Fahrradverleih auf dem Campingplatz in Sarzeau Lann Ho\u00ebdic","og_description":"Unser Campingplatz in Sarzeau am Golf von Morbihan bietet Ihnen den Verleih von Fahrr\u00e4dern und Helmen, damit Sie die Reicht\u00fcmer des Golfs und die Str\u00e4nde der Halbinsel Rhuys entdecken k\u00f6nnen!","og_url":"https:\/\/www.camping-lannhoedic.fr\/de\/leistungen\/vermietung-von-fahrraedern\/","og_site_name":"Camping de Lann Hoedic","article_modified_time":"2024-04-15T10:35:27+00:00","og_image":[{"width":350,"height":350,"url":"https:\/\/www.camping-lannhoedic.fr\/wp-content\/uploads\/2024\/03\/location-velo.jpg","type":"image\/jpeg"}],"twitter_card":"summary_large_image","twitter_misc":{"Gesch\u00e4tzte Lesezeit":"3\u00a0Minuten"},"schema":{"@context":"https:\/\/schema.org","@graph":[{"@type":"WebPage","@id":"https:\/\/www.camping-lannhoedic.fr\/de\/leistungen\/vermietung-von-fahrraedern\/","url":"https:\/\/www.camping-lannhoedic.fr\/de\/leistungen\/vermietung-von-fahrraedern\/","name":"Fahrradverleih auf dem Campingplatz in Sarzeau Lann Ho\u00ebdic","isPartOf":{"@id":"https:\/\/www.camping-lannhoedic.fr\/de\/#website"},"primaryImageOfPage":{"@id":"https:\/\/www.camping-lannhoedic.fr\/de\/leistungen\/vermietung-von-fahrraedern\/#primaryimage"},"image":{"@id":"https:\/\/www.camping-lannhoedic.fr\/de\/leistungen\/vermietung-von-fahrraedern\/#primaryimage"},"thumbnailUrl":"https:\/\/www.camping-lannhoedic.fr\/wp-content\/uploads\/2024\/03\/location-velo.jpg","datePublished":"2024-02-01T15:53:46+00:00","dateModified":"2024-04-15T10:35:27+00:00","description":"Unser Campingplatz in Sarzeau am Golf von Morbihan bietet Ihnen den Verleih von Fahrr\u00e4dern und Helmen, damit Sie die Reicht\u00fcmer des Golfs und die Str\u00e4nde der Halbinsel Rhuys entdecken k\u00f6nnen!","breadcrumb":{"@id":"https:\/\/www.camping-lannhoedic.fr\/de\/leistungen\/vermietung-von-fahrraedern\/#breadcrumb"},"inLanguage":"de","potentialAction":[{"@type":"ReadAction","target":["https:\/\/www.camping-lannhoedic.fr\/de\/leistungen\/vermietung-von-fahrraedern\/"]}]},{"@type":"ImageObject","inLanguage":"de","@id":"https:\/\/www.camping-lannhoedic.fr\/de\/leistungen\/vermietung-von-fahrraedern\/#primaryimage","url":"https:\/\/www.camping-lannhoedic.fr\/wp-content\/uploads\/2024\/03\/location-velo.jpg","contentUrl":"https:\/\/www.camping-lannhoedic.fr\/wp-content\/uploads\/2024\/03\/location-velo.jpg","width":350,"height":350,"caption":"Location de v\u00e9lo"},{"@type":"BreadcrumbList","@id":"https:\/\/www.camping-lannhoedic.fr\/de\/leistungen\/vermietung-von-fahrraedern\/#breadcrumb","itemListElement":[{"@type":"ListItem","position":1,"name":"Camping La Ferme de Lann Ho\u00ebdic","item":"https:\/\/www.camping-lannhoedic.fr\/de\/"},{"@type":"ListItem","position":2,"name":"Leistungen","item":"https:\/\/www.camping-lannhoedic.fr\/de\/leistungen\/"},{"@type":"ListItem","position":3,"name":"Vermietung von Fahrr\u00e4dern"}]},{"@type":"WebSite","@id":"https:\/\/www.camping-lannhoedic.fr\/de\/#website","url":"https:\/\/www.camping-lannhoedic.fr\/de\/","name":"Camping de Lann Hoedic","description":"","publisher":{"@id":"https:\/\/www.camping-lannhoedic.fr\/de\/#organization"},"potentialAction":[{"@type":"SearchAction","target":{"@type":"EntryPoint","urlTemplate":"https:\/\/www.camping-lannhoedic.fr\/de\/?s={search_term_string}"},"query-input":{"@type":"PropertyValueSpecification","valueRequired":true,"valueName":"search_term_string"}}],"inLanguage":"de"},{"@type":"Organization","@id":"https:\/\/www.camping-lannhoedic.fr\/de\/#organization","name":"Camping de Lann Hoedic","url":"https:\/\/www.camping-lannhoedic.fr\/de\/","logo":{"@type":"ImageObject","inLanguage":"de","@id":"https:\/\/www.camping-lannhoedic.fr\/de\/#\/schema\/logo\/image\/","url":"https:\/\/www.camping-lannhoedic.fr\/wp-content\/uploads\/2024\/01\/logo.png","contentUrl":"https:\/\/www.camping-lannhoedic.fr\/wp-content\/uploads\/2024\/01\/logo.png","width":170,"height":169,"caption":"Camping de Lann Hoedic"},"image":{"@id":"https:\/\/www.camping-lannhoedic.fr\/de\/#\/schema\/logo\/image\/"}}]}},"_links":{"self":[{"href":"https:\/\/www.camping-lannhoedic.fr\/de\/wp-json\/wp\/v2\/pages\/7777","targetHints":{"allow":["GET"]}}],"collection":[{"href":"https:\/\/www.camping-lannhoedic.fr\/de\/wp-json\/wp\/v2\/pages"}],"about":[{"href":"https:\/\/www.camping-lannhoedic.fr\/de\/wp-json\/wp\/v2\/types\/page"}],"author":[{"embeddable":true,"href":"https:\/\/www.camping-lannhoedic.fr\/de\/wp-json\/wp\/v2\/users\/1"}],"replies":[{"embeddable":true,"href":"https:\/\/www.camping-lannhoedic.fr\/de\/wp-json\/wp\/v2\/comments?post=7777"}],"version-history":[{"count":9,"href":"https:\/\/www.camping-lannhoedic.fr\/de\/wp-json\/wp\/v2\/pages\/7777\/revisions"}],"predecessor-version":[{"id":8901,"href":"https:\/\/www.camping-lannhoedic.fr\/de\/wp-json\/wp\/v2\/pages\/7777\/revisions\/8901"}],"up":[{"embeddable":true,"href":"https:\/\/www.camping-lannhoedic.fr\/de\/wp-json\/wp\/v2\/pages\/7723"}],"wp:featuredmedia":[{"embeddable":true,"href":"https:\/\/www.camping-lannhoedic.fr\/de\/wp-json\/wp\/v2\/media\/1503"}],"wp:attachment":[{"href":"https:\/\/www.camping-lannhoedic.fr\/de\/wp-json\/wp\/v2\/media?parent=7777"}],"curies":[{"name":"wp","href":"https:\/\/api.w.org\/{rel}","templated":true}]}}