{"id":7667,"date":"2024-02-05T15:04:51","date_gmt":"2024-02-05T14:04:51","guid":{"rendered":"https:\/\/www.camping-lannhoedic.fr\/praesentation\/"},"modified":"2024-12-17T08:33:38","modified_gmt":"2024-12-17T07:33:38","slug":"praesentation","status":"publish","type":"page","link":"https:\/\/www.camping-lannhoedic.fr\/de\/der-campingplatz\/praesentation\/","title":{"rendered":"Pr\u00e4sentation"},"content":{"rendered":"\t\t<div data-elementor-type=\"wp-page\" data-elementor-id=\"7667\" class=\"elementor elementor-7667 elementor-244\" data-elementor-post-type=\"page\">\n\t\t\t\t<div class=\"elementor-element elementor-element-199ff45 e-flex e-con-boxed e-con e-parent\" data-id=\"199ff45\" data-element_type=\"container\">\n\t\t\t\t\t<div class=\"e-con-inner\">\n\t\t<div class=\"elementor-element elementor-element-dce259a e-con-full e-flex e-con e-child\" data-id=\"dce259a\" data-element_type=\"container\">\n\t\t\t\t<div class=\"elementor-element elementor-element-127dcea elementor-widget elementor-widget-image\" data-id=\"127dcea\" data-element_type=\"widget\" data-widget_type=\"image.default\">\n\t\t\t\t<div class=\"elementor-widget-container\">\n\t\t\t\t\t\t\t\t\t\t\t\t\t\t\t<img fetchpriority=\"high\" decoding=\"async\" width=\"350\" height=\"350\" src=\"https:\/\/www.camping-lannhoedic.fr\/wp-content\/uploads\/2024\/02\/presentation.jpg\" class=\"attachment-1536x1536 size-1536x1536 wp-image-1087\" alt=\"Pr\u00e9sentation vacances en Presqu&#039;ile de Rhuys\" srcset=\"https:\/\/www.camping-lannhoedic.fr\/wp-content\/uploads\/2024\/02\/presentation.jpg 350w, https:\/\/www.camping-lannhoedic.fr\/wp-content\/uploads\/2024\/02\/presentation-300x300.jpg 300w, https:\/\/www.camping-lannhoedic.fr\/wp-content\/uploads\/2024\/02\/presentation-150x150.jpg 150w\" sizes=\"(max-width: 350px) 100vw, 350px\" \/>\t\t\t\t\t\t\t\t\t\t\t\t\t\t\t<\/div>\n\t\t\t\t<\/div>\n\t\t\t\t<\/div>\n\t\t<div class=\"elementor-element elementor-element-176ed5a e-con-full e-flex e-con e-child\" data-id=\"176ed5a\" data-element_type=\"container\">\n\t\t\t\t<div class=\"elementor-element elementor-element-e0210d7 elementor-widget elementor-widget-html\" data-id=\"e0210d7\" data-element_type=\"widget\" data-widget_type=\"html.default\">\n\t\t\t\t<div class=\"elementor-widget-container\">\n\t\t\t\t\t<h1 class=\"h2 underlined\">\n    <span class=\"surtitle\">\n Naturcamping in Sarzeau\n    <\/span>\n In der Bretagne nahe am Meer\n<\/h1>\t\t\t\t<\/div>\n\t\t\t\t<\/div>\n\t\t\t\t<div class=\"elementor-element elementor-element-88a9ea9 elementor-widget elementor-widget-heading\" data-id=\"88a9ea9\" data-element_type=\"widget\" data-widget_type=\"heading.default\">\n\t\t\t\t<div class=\"elementor-widget-container\">\n\t\t\t\t\t<h2 class=\"elementor-heading-title elementor-size-default\">Urlaub im Herzen der Natur in der S\u00fcdbretagne (Morbihan - 56)<\/h2>\t\t\t\t<\/div>\n\t\t\t\t<\/div>\n\t\t\t\t<div class=\"elementor-element elementor-element-4a8140d elementor-widget elementor-widget-text-editor\" data-id=\"4a8140d\" data-element_type=\"widget\" data-widget_type=\"text-editor.default\">\n\t\t\t\t<div class=\"elementor-widget-container\">\n\t\t\t\t\t\t\t\t\t<p>Am <strong>Golfe von Morbihan<\/strong>, im S\u00fcden der <strong><a href=\"https:\/\/www.camping-lannhoedic.fr\/de\/\">Halbinsel Rhuys<\/a><\/strong>, zwischen der atlantischen K\u00fcste und dem St\u00e4dchen <strong>Sarzeau<\/strong> gelegen, (2.5 km) Der Campingplatz <strong>La Ferme de Lann Ho\u00ebdic ***<\/strong> Ruhe und Erholung f\u00fcr alle G\u00e4ste, an maximalem Komfort mit neuen und modernen Ausstattungen. Der Empfang ist herzlich, nah und einfach. Wir legen Wert darauf, den wahren Geist des Campingplatzes zu bewahren, gesellig und menschlich, ohne auff\u00e4llige Pr\u00e4tentionen.<\/p>\t\t\t\t\t\t\t\t<\/div>\n\t\t\t\t<\/div>\n\t\t\t\t<div class=\"elementor-element elementor-element-1470e36 elementor-widget elementor-widget-text-editor\" data-id=\"1470e36\" data-element_type=\"widget\" data-widget_type=\"text-editor.default\">\n\t\t\t\t<div class=\"elementor-widget-container\">\n\t\t\t\t\t\t\t\t\t<p><span style=\"font-size: 20px; color: #000000;\"><strong>\u00d6ffnung vom 1. April bis zum 31. Oktober<\/strong><\/span><\/p>\n\t\t\t\t\t\t\t\t<\/div>\n\t\t\t\t<\/div>\n\t\t\t\t<\/div>\n\t\t\t\t\t<\/div>\n\t\t\t\t<\/div>\n\t\t<div class=\"elementor-element elementor-element-e0ef36d bg-left-75 e-flex e-con-boxed e-con e-parent\" data-id=\"e0ef36d\" data-element_type=\"container\" data-settings=\"{&quot;background_background&quot;:&quot;gradient&quot;}\">\n\t\t\t\t\t<div class=\"e-con-inner\">\n\t\t<div class=\"elementor-element elementor-element-e4da4b4 e-con-full e-flex e-con e-child\" data-id=\"e4da4b4\" data-element_type=\"container\">\n\t\t\t\t<div class=\"elementor-element elementor-element-6f103fa elementor-widget elementor-widget-text-editor\" data-id=\"6f103fa\" data-element_type=\"widget\" data-widget_type=\"text-editor.default\">\n\t\t\t\t<div class=\"elementor-widget-container\">\n\t\t\t\t\t\t\t\t\t<p>Unser <b>Naturcampingplatz in der Bretagne<\/b> bietet Ihnen den <b>Charme des Landes<\/b> und die <b>N\u00e4he zum Meer.<\/b><\/p><p>Die gesch\u00fctzte Natur und das wohlbekannte milde Mikroklima schenken Ihnen die M\u00f6glichkeit unsere grossen Anlagen zu ben\u00fctzen: 140 Stellpl\u00e4tze \u2013 halbschattig oder sonnig, auch ger\u00e4umig &#8211; davon einige durch Hecken getrennt auf einem Gel\u00e4nde <b>von 3,6 Hektar.<\/b><\/p><ul><li>119 <strong><a href=\"\/de\/unterkunft\/stellplatzvermietung\/\">Campingstellpl\u00e4tze f\u00fcr Zelte, Wohnwagen oder Wohnmobile<\/a><\/strong><\/li><li>17\u00a0<strong><a href=\"\/de\/unterkunfts\/mobilheime\/\">Wohn-Mobile<\/a><\/strong>, \u00f6kologisch eingerichtete Residenzen, von 2 bis 6 Pl\u00e4tzen<\/li><li>4 <a href=\"\/de\/unterkunfts\/glampings\/\"><b>ungew\u00f6hnliche Unterk\u00fcnfte<\/b><\/a> (Caban\u00e9tape, MyDrop and Lodge Tent)\u00a0<\/li><\/ul><p>Sich in einer gr\u00fcnen, ruhigen und ger\u00e4umigen Anlage in der Natur zu entspannen, den Kindern die M\u00f6glichkeit geben sich an der <strong><a href=\"https:\/\/www.camping-lannhoedic.fr\/de\/leistungen\/vermietung-von-fahrraedern\/\">frischen<\/a><\/strong> Luft auszutoben, Radfahren, die \u201e<a href=\"https:\/\/www.camping-lannhoedic.fr\/de\/aktivitaeten-vor-ort\/\"><strong>Mini-Ferme\u201c<\/strong> entdecken und einfach die <strong>Spielanlagen ben\u00fctzen<\/strong> k\u00f6nnen.<\/a><\/p><p>Sie werden hier hochbegl\u00fcckt. Die Liebhaber des Meeres werden am <strong>Strand von Roaliguen<\/strong> (800 Meter entfernt), zu Fuss oder auch mit dem Fahrrad, einem schattigen Pfad entlang \u2013 zug\u00e4nglich. Sie sch\u00f6pfen neue Kr\u00e4fte und nahmen das Wunder des Golfes von Morbihan, unserer Binnenmeer war.<\/p><p>Bezaubernde Landschaften, abwechslungsreichen <b>Wanderungen<\/b>, die <b>Freude am Meer<\/b> zu sein, unsere <b>S\u00fcdbretagne<\/b> wird sie wunschlos gl\u00fccklich machen.<\/p>\t\t\t\t\t\t\t\t<\/div>\n\t\t\t\t<\/div>\n\t\t\t\t<\/div>\n\t\t<div class=\"elementor-element elementor-element-fba56df e-con-full e-flex e-con e-child\" data-id=\"fba56df\" data-element_type=\"container\">\n\t\t\t\t<div class=\"elementor-element elementor-element-34e16bb elementor-widget elementor-widget-image\" data-id=\"34e16bb\" data-element_type=\"widget\" data-widget_type=\"image.default\">\n\t\t\t\t<div class=\"elementor-widget-container\">\n\t\t\t\t\t\t\t\t\t\t\t\t\t\t\t<img decoding=\"async\" width=\"1024\" height=\"681\" src=\"https:\/\/www.camping-lannhoedic.fr\/wp-content\/uploads\/2024\/03\/presentation2-1024x681.jpg\" class=\"attachment-large size-large wp-image-3135\" alt=\"Les sanitaires\" srcset=\"https:\/\/www.camping-lannhoedic.fr\/wp-content\/uploads\/2024\/03\/presentation2-1024x681.jpg 1024w, https:\/\/www.camping-lannhoedic.fr\/wp-content\/uploads\/2024\/03\/presentation2-300x199.jpg 300w, https:\/\/www.camping-lannhoedic.fr\/wp-content\/uploads\/2024\/03\/presentation2-768x511.jpg 768w, https:\/\/www.camping-lannhoedic.fr\/wp-content\/uploads\/2024\/03\/presentation2-602x400.jpg 602w, https:\/\/www.camping-lannhoedic.fr\/wp-content\/uploads\/2024\/03\/presentation2.jpg 1029w\" sizes=\"(max-width: 1024px) 100vw, 1024px\" \/>\t\t\t\t\t\t\t\t\t\t\t\t\t\t\t<\/div>\n\t\t\t\t<\/div>\n\t\t\t\t<div class=\"elementor-element elementor-element-2016b3a elementor-widget elementor-widget-image\" data-id=\"2016b3a\" data-element_type=\"widget\" data-widget_type=\"image.default\">\n\t\t\t\t<div class=\"elementor-widget-container\">\n\t\t\t\t\t\t\t\t\t\t\t\t\t\t\t<img decoding=\"async\" width=\"700\" height=\"465\" src=\"https:\/\/www.camping-lannhoedic.fr\/wp-content\/uploads\/2024\/03\/presentation4.jpg\" class=\"attachment-large size-large wp-image-3156\" alt=\"Pr\u00e9sentation camping\" srcset=\"https:\/\/www.camping-lannhoedic.fr\/wp-content\/uploads\/2024\/03\/presentation4.jpg 700w, https:\/\/www.camping-lannhoedic.fr\/wp-content\/uploads\/2024\/03\/presentation4-300x199.jpg 300w, https:\/\/www.camping-lannhoedic.fr\/wp-content\/uploads\/2024\/03\/presentation4-602x400.jpg 602w\" sizes=\"(max-width: 700px) 100vw, 700px\" \/>\t\t\t\t\t\t\t\t\t\t\t\t\t\t\t<\/div>\n\t\t\t\t<\/div>\n\t\t\t\t<\/div>\n\t\t\t\t\t<\/div>\n\t\t\t\t<\/div>\n\t\t<div class=\"elementor-element elementor-element-f68e76a e-flex e-con-boxed e-con e-parent\" data-id=\"f68e76a\" data-element_type=\"container\">\n\t\t\t\t\t<div class=\"e-con-inner\">\n\t\t\t\t<div class=\"elementor-element elementor-element-ec5d0a5 elementor-widget elementor-widget-image\" data-id=\"ec5d0a5\" data-element_type=\"widget\" data-widget_type=\"image.default\">\n\t\t\t\t<div class=\"elementor-widget-container\">\n\t\t\t\t\t\t\t\t\t\t\t\t\t\t\t<img loading=\"lazy\" decoding=\"async\" width=\"1024\" height=\"307\" src=\"https:\/\/www.camping-lannhoedic.fr\/wp-content\/uploads\/2024\/03\/presentation3-1024x307.jpg\" class=\"attachment-large size-large wp-image-3143\" alt=\"Table pour d\u00e9jeuner au camping\" srcset=\"https:\/\/www.camping-lannhoedic.fr\/wp-content\/uploads\/2024\/03\/presentation3-1024x307.jpg 1024w, https:\/\/www.camping-lannhoedic.fr\/wp-content\/uploads\/2024\/03\/presentation3-300x90.jpg 300w, https:\/\/www.camping-lannhoedic.fr\/wp-content\/uploads\/2024\/03\/presentation3-768x230.jpg 768w, https:\/\/www.camping-lannhoedic.fr\/wp-content\/uploads\/2024\/03\/presentation3-1536x461.jpg 1536w, https:\/\/www.camping-lannhoedic.fr\/wp-content\/uploads\/2024\/03\/presentation3-1333x400.jpg 1333w, https:\/\/www.camping-lannhoedic.fr\/wp-content\/uploads\/2024\/03\/presentation3.jpg 2000w\" sizes=\"(max-width: 1024px) 100vw, 1024px\" \/>\t\t\t\t\t\t\t\t\t\t\t\t\t\t\t<\/div>\n\t\t\t\t<\/div>\n\t\t\t\t<div class=\"elementor-element elementor-element-6abdf9e elementor-widget elementor-widget-text-editor\" data-id=\"6abdf9e\" data-element_type=\"widget\" data-widget_type=\"text-editor.default\">\n\t\t\t\t<div class=\"elementor-widget-container\">\n\t\t\t\t\t\t\t\t\t<p>Mit oder ohne Ausstattung, sie werden Ihren <b>Aufenthalt bei uns<\/b> geniessen.<\/p>\n<p><a href=\"https:\/\/www.camping-lannhoedic.fr\/de\/leistungen\/\"><span style=\"font-size: 22px;\">Um alle unsere Services kennenzulernen, folgen Sie <b>dem Leitfaden<\/b>!<\/span><\/a><\/p>\n\t\t\t\t\t\t\t\t<\/div>\n\t\t\t\t<\/div>\n\t\t\t\t\t<\/div>\n\t\t\t\t<\/div>\n\t\t\t\t<\/div>\n\t\t","protected":false},"excerpt":{"rendered":"<p>Naturcamping in Sarzeau In der Bretagne nahe am Meer Urlaub&hellip;<\/p>\n","protected":false},"author":1,"featured_media":1087,"parent":7673,"menu_order":0,"comment_status":"closed","ping_status":"closed","template":"","meta":{"_acf_changed":false,"footnotes":""},"class_list":["post-7667","page","type-page","status-publish","has-post-thumbnail","hentry"],"acf":[],"yoast_head":"<!-- This site is optimized with the Yoast SEO plugin v26.8 - https:\/\/yoast.com\/product\/yoast-seo-wordpress\/ -->\n<title>Naturcamping Bretagne, Morbihan, Sarzeau - Der Bauernhof Lann Ho\u00ebdic<\/title>\n<meta name=\"description\" content=\"Entdecken Sie den Campingplatz Lann Hoedic, einen Naturcampingplatz in der Bretagne in Sarzeau im Departement Morbihan. Eingebettet in eine unber\u00fchrte Natur, genie\u00dfen Sie die Vermietung von Mobilheimen und Campingpl\u00e4tzen sowie seine Lage in der N\u00e4he des Meeres und des Golfs von Morbihan.\" \/>\n<meta name=\"robots\" content=\"index, follow, max-snippet:-1, max-image-preview:large, max-video-preview:-1\" \/>\n<link rel=\"canonical\" href=\"https:\/\/www.camping-lannhoedic.fr\/de\/der-campingplatz\/praesentation\/\" \/>\n<meta property=\"og:locale\" content=\"de_DE\" \/>\n<meta property=\"og:type\" content=\"article\" \/>\n<meta property=\"og:title\" content=\"Naturcamping Bretagne, Morbihan, Sarzeau - Der Bauernhof Lann Ho\u00ebdic\" \/>\n<meta property=\"og:description\" content=\"Entdecken Sie den Campingplatz Lann Hoedic, einen Naturcampingplatz in der Bretagne in Sarzeau im Departement Morbihan. Eingebettet in eine unber\u00fchrte Natur, genie\u00dfen Sie die Vermietung von Mobilheimen und Campingpl\u00e4tzen sowie seine Lage in der N\u00e4he des Meeres und des Golfs von Morbihan.\" \/>\n<meta property=\"og:url\" content=\"https:\/\/www.camping-lannhoedic.fr\/de\/der-campingplatz\/praesentation\/\" \/>\n<meta property=\"og:site_name\" content=\"Camping de Lann Hoedic\" \/>\n<meta property=\"article:modified_time\" content=\"2024-12-17T07:33:38+00:00\" \/>\n<meta property=\"og:image\" content=\"https:\/\/www.camping-lannhoedic.fr\/wp-content\/uploads\/2024\/02\/presentation.jpg\" \/>\n\t<meta property=\"og:image:width\" content=\"350\" \/>\n\t<meta property=\"og:image:height\" content=\"350\" \/>\n\t<meta property=\"og:image:type\" content=\"image\/jpeg\" \/>\n<meta name=\"twitter:card\" content=\"summary_large_image\" \/>\n<meta name=\"twitter:label1\" content=\"Gesch\u00e4tzte Lesezeit\" \/>\n\t<meta name=\"twitter:data1\" content=\"3\u00a0Minuten\" \/>\n<script type=\"application\/ld+json\" class=\"yoast-schema-graph\">{\"@context\":\"https:\/\/schema.org\",\"@graph\":[{\"@type\":\"WebPage\",\"@id\":\"https:\/\/www.camping-lannhoedic.fr\/de\/der-campingplatz\/praesentation\/\",\"url\":\"https:\/\/www.camping-lannhoedic.fr\/de\/der-campingplatz\/praesentation\/\",\"name\":\"Naturcamping Bretagne, Morbihan, Sarzeau - Der Bauernhof Lann Ho\u00ebdic\",\"isPartOf\":{\"@id\":\"https:\/\/www.camping-lannhoedic.fr\/de\/#website\"},\"primaryImageOfPage\":{\"@id\":\"https:\/\/www.camping-lannhoedic.fr\/de\/der-campingplatz\/praesentation\/#primaryimage\"},\"image\":{\"@id\":\"https:\/\/www.camping-lannhoedic.fr\/de\/der-campingplatz\/praesentation\/#primaryimage\"},\"thumbnailUrl\":\"https:\/\/www.camping-lannhoedic.fr\/wp-content\/uploads\/2024\/02\/presentation.jpg\",\"datePublished\":\"2024-02-05T14:04:51+00:00\",\"dateModified\":\"2024-12-17T07:33:38+00:00\",\"description\":\"Entdecken Sie den Campingplatz Lann Hoedic, einen Naturcampingplatz in der Bretagne in Sarzeau im Departement Morbihan. Eingebettet in eine unber\u00fchrte Natur, genie\u00dfen Sie die Vermietung von Mobilheimen und Campingpl\u00e4tzen sowie seine Lage in der N\u00e4he des Meeres und des Golfs von Morbihan.\",\"breadcrumb\":{\"@id\":\"https:\/\/www.camping-lannhoedic.fr\/de\/der-campingplatz\/praesentation\/#breadcrumb\"},\"inLanguage\":\"de\",\"potentialAction\":[{\"@type\":\"ReadAction\",\"target\":[\"https:\/\/www.camping-lannhoedic.fr\/de\/der-campingplatz\/praesentation\/\"]}]},{\"@type\":\"ImageObject\",\"inLanguage\":\"de\",\"@id\":\"https:\/\/www.camping-lannhoedic.fr\/de\/der-campingplatz\/praesentation\/#primaryimage\",\"url\":\"https:\/\/www.camping-lannhoedic.fr\/wp-content\/uploads\/2024\/02\/presentation.jpg\",\"contentUrl\":\"https:\/\/www.camping-lannhoedic.fr\/wp-content\/uploads\/2024\/02\/presentation.jpg\",\"width\":350,\"height\":350,\"caption\":\"Pr\u00e9sentation vacances en Presqu'ile de Rhuys\"},{\"@type\":\"BreadcrumbList\",\"@id\":\"https:\/\/www.camping-lannhoedic.fr\/de\/der-campingplatz\/praesentation\/#breadcrumb\",\"itemListElement\":[{\"@type\":\"ListItem\",\"position\":1,\"name\":\"Camping La Ferme de Lann Ho\u00ebdic\",\"item\":\"https:\/\/www.camping-lannhoedic.fr\/de\/\"},{\"@type\":\"ListItem\",\"position\":2,\"name\":\"Der Campingplatz\",\"item\":\"https:\/\/www.camping-lannhoedic.fr\/de\/der-campingplatz\/\"},{\"@type\":\"ListItem\",\"position\":3,\"name\":\"Pr\u00e4sentation\"}]},{\"@type\":\"WebSite\",\"@id\":\"https:\/\/www.camping-lannhoedic.fr\/de\/#website\",\"url\":\"https:\/\/www.camping-lannhoedic.fr\/de\/\",\"name\":\"Camping de Lann Hoedic\",\"description\":\"\",\"publisher\":{\"@id\":\"https:\/\/www.camping-lannhoedic.fr\/de\/#organization\"},\"potentialAction\":[{\"@type\":\"SearchAction\",\"target\":{\"@type\":\"EntryPoint\",\"urlTemplate\":\"https:\/\/www.camping-lannhoedic.fr\/de\/?s={search_term_string}\"},\"query-input\":{\"@type\":\"PropertyValueSpecification\",\"valueRequired\":true,\"valueName\":\"search_term_string\"}}],\"inLanguage\":\"de\"},{\"@type\":\"Organization\",\"@id\":\"https:\/\/www.camping-lannhoedic.fr\/de\/#organization\",\"name\":\"Camping de Lann Hoedic\",\"url\":\"https:\/\/www.camping-lannhoedic.fr\/de\/\",\"logo\":{\"@type\":\"ImageObject\",\"inLanguage\":\"de\",\"@id\":\"https:\/\/www.camping-lannhoedic.fr\/de\/#\/schema\/logo\/image\/\",\"url\":\"https:\/\/www.camping-lannhoedic.fr\/wp-content\/uploads\/2024\/01\/logo.png\",\"contentUrl\":\"https:\/\/www.camping-lannhoedic.fr\/wp-content\/uploads\/2024\/01\/logo.png\",\"width\":170,\"height\":169,\"caption\":\"Camping de Lann Hoedic\"},\"image\":{\"@id\":\"https:\/\/www.camping-lannhoedic.fr\/de\/#\/schema\/logo\/image\/\"}}]}<\/script>\n<!-- \/ Yoast SEO plugin. -->","yoast_head_json":{"title":"Naturcamping Bretagne, Morbihan, Sarzeau - Der Bauernhof Lann Ho\u00ebdic","description":"Entdecken Sie den Campingplatz Lann Hoedic, einen Naturcampingplatz in der Bretagne in Sarzeau im Departement Morbihan. Eingebettet in eine unber\u00fchrte Natur, genie\u00dfen Sie die Vermietung von Mobilheimen und Campingpl\u00e4tzen sowie seine Lage in der N\u00e4he des Meeres und des Golfs von Morbihan.","robots":{"index":"index","follow":"follow","max-snippet":"max-snippet:-1","max-image-preview":"max-image-preview:large","max-video-preview":"max-video-preview:-1"},"canonical":"https:\/\/www.camping-lannhoedic.fr\/de\/der-campingplatz\/praesentation\/","og_locale":"de_DE","og_type":"article","og_title":"Naturcamping Bretagne, Morbihan, Sarzeau - Der Bauernhof Lann Ho\u00ebdic","og_description":"Entdecken Sie den Campingplatz Lann Hoedic, einen Naturcampingplatz in der Bretagne in Sarzeau im Departement Morbihan. Eingebettet in eine unber\u00fchrte Natur, genie\u00dfen Sie die Vermietung von Mobilheimen und Campingpl\u00e4tzen sowie seine Lage in der N\u00e4he des Meeres und des Golfs von Morbihan.","og_url":"https:\/\/www.camping-lannhoedic.fr\/de\/der-campingplatz\/praesentation\/","og_site_name":"Camping de Lann Hoedic","article_modified_time":"2024-12-17T07:33:38+00:00","og_image":[{"width":350,"height":350,"url":"https:\/\/www.camping-lannhoedic.fr\/wp-content\/uploads\/2024\/02\/presentation.jpg","type":"image\/jpeg"}],"twitter_card":"summary_large_image","twitter_misc":{"Gesch\u00e4tzte Lesezeit":"3\u00a0Minuten"},"schema":{"@context":"https:\/\/schema.org","@graph":[{"@type":"WebPage","@id":"https:\/\/www.camping-lannhoedic.fr\/de\/der-campingplatz\/praesentation\/","url":"https:\/\/www.camping-lannhoedic.fr\/de\/der-campingplatz\/praesentation\/","name":"Naturcamping Bretagne, Morbihan, Sarzeau - Der Bauernhof Lann Ho\u00ebdic","isPartOf":{"@id":"https:\/\/www.camping-lannhoedic.fr\/de\/#website"},"primaryImageOfPage":{"@id":"https:\/\/www.camping-lannhoedic.fr\/de\/der-campingplatz\/praesentation\/#primaryimage"},"image":{"@id":"https:\/\/www.camping-lannhoedic.fr\/de\/der-campingplatz\/praesentation\/#primaryimage"},"thumbnailUrl":"https:\/\/www.camping-lannhoedic.fr\/wp-content\/uploads\/2024\/02\/presentation.jpg","datePublished":"2024-02-05T14:04:51+00:00","dateModified":"2024-12-17T07:33:38+00:00","description":"Entdecken Sie den Campingplatz Lann Hoedic, einen Naturcampingplatz in der Bretagne in Sarzeau im Departement Morbihan. Eingebettet in eine unber\u00fchrte Natur, genie\u00dfen Sie die Vermietung von Mobilheimen und Campingpl\u00e4tzen sowie seine Lage in der N\u00e4he des Meeres und des Golfs von Morbihan.","breadcrumb":{"@id":"https:\/\/www.camping-lannhoedic.fr\/de\/der-campingplatz\/praesentation\/#breadcrumb"},"inLanguage":"de","potentialAction":[{"@type":"ReadAction","target":["https:\/\/www.camping-lannhoedic.fr\/de\/der-campingplatz\/praesentation\/"]}]},{"@type":"ImageObject","inLanguage":"de","@id":"https:\/\/www.camping-lannhoedic.fr\/de\/der-campingplatz\/praesentation\/#primaryimage","url":"https:\/\/www.camping-lannhoedic.fr\/wp-content\/uploads\/2024\/02\/presentation.jpg","contentUrl":"https:\/\/www.camping-lannhoedic.fr\/wp-content\/uploads\/2024\/02\/presentation.jpg","width":350,"height":350,"caption":"Pr\u00e9sentation vacances en Presqu'ile de Rhuys"},{"@type":"BreadcrumbList","@id":"https:\/\/www.camping-lannhoedic.fr\/de\/der-campingplatz\/praesentation\/#breadcrumb","itemListElement":[{"@type":"ListItem","position":1,"name":"Camping La Ferme de Lann Ho\u00ebdic","item":"https:\/\/www.camping-lannhoedic.fr\/de\/"},{"@type":"ListItem","position":2,"name":"Der Campingplatz","item":"https:\/\/www.camping-lannhoedic.fr\/de\/der-campingplatz\/"},{"@type":"ListItem","position":3,"name":"Pr\u00e4sentation"}]},{"@type":"WebSite","@id":"https:\/\/www.camping-lannhoedic.fr\/de\/#website","url":"https:\/\/www.camping-lannhoedic.fr\/de\/","name":"Camping de Lann Hoedic","description":"","publisher":{"@id":"https:\/\/www.camping-lannhoedic.fr\/de\/#organization"},"potentialAction":[{"@type":"SearchAction","target":{"@type":"EntryPoint","urlTemplate":"https:\/\/www.camping-lannhoedic.fr\/de\/?s={search_term_string}"},"query-input":{"@type":"PropertyValueSpecification","valueRequired":true,"valueName":"search_term_string"}}],"inLanguage":"de"},{"@type":"Organization","@id":"https:\/\/www.camping-lannhoedic.fr\/de\/#organization","name":"Camping de Lann Hoedic","url":"https:\/\/www.camping-lannhoedic.fr\/de\/","logo":{"@type":"ImageObject","inLanguage":"de","@id":"https:\/\/www.camping-lannhoedic.fr\/de\/#\/schema\/logo\/image\/","url":"https:\/\/www.camping-lannhoedic.fr\/wp-content\/uploads\/2024\/01\/logo.png","contentUrl":"https:\/\/www.camping-lannhoedic.fr\/wp-content\/uploads\/2024\/01\/logo.png","width":170,"height":169,"caption":"Camping de Lann Hoedic"},"image":{"@id":"https:\/\/www.camping-lannhoedic.fr\/de\/#\/schema\/logo\/image\/"}}]}},"_links":{"self":[{"href":"https:\/\/www.camping-lannhoedic.fr\/de\/wp-json\/wp\/v2\/pages\/7667","targetHints":{"allow":["GET"]}}],"collection":[{"href":"https:\/\/www.camping-lannhoedic.fr\/de\/wp-json\/wp\/v2\/pages"}],"about":[{"href":"https:\/\/www.camping-lannhoedic.fr\/de\/wp-json\/wp\/v2\/types\/page"}],"author":[{"embeddable":true,"href":"https:\/\/www.camping-lannhoedic.fr\/de\/wp-json\/wp\/v2\/users\/1"}],"replies":[{"embeddable":true,"href":"https:\/\/www.camping-lannhoedic.fr\/de\/wp-json\/wp\/v2\/comments?post=7667"}],"version-history":[{"count":19,"href":"https:\/\/www.camping-lannhoedic.fr\/de\/wp-json\/wp\/v2\/pages\/7667\/revisions"}],"predecessor-version":[{"id":12239,"href":"https:\/\/www.camping-lannhoedic.fr\/de\/wp-json\/wp\/v2\/pages\/7667\/revisions\/12239"}],"up":[{"embeddable":true,"href":"https:\/\/www.camping-lannhoedic.fr\/de\/wp-json\/wp\/v2\/pages\/7673"}],"wp:featuredmedia":[{"embeddable":true,"href":"https:\/\/www.camping-lannhoedic.fr\/de\/wp-json\/wp\/v2\/media\/1087"}],"wp:attachment":[{"href":"https:\/\/www.camping-lannhoedic.fr\/de\/wp-json\/wp\/v2\/media?parent=7667"}],"curies":[{"name":"wp","href":"https:\/\/api.w.org\/{rel}","templated":true}]}}